{"id":11848,"date":"2026-03-31T14:19:17","date_gmt":"2026-03-31T14:19:17","guid":{"rendered":"https:\/\/www.premium-shop.nl\/autofirst-new\/product\/thermofles-swing-500ml\/"},"modified":"2026-03-31T14:19:43","modified_gmt":"2026-03-31T14:19:43","slug":"thermofles-swing-500ml","status":"publish","type":"product","link":"http:\/\/www.premium-shop.nl\/autofirst\/product\/thermofles-swing-500ml\/","title":{"rendered":"Thermofles Swing 500ml"},"content":{"rendered":"<p>Dubbelwandig vacu\u00fcm ge\u00efsoleerde thermofles. De 100% lekvrije fles wordt geleverd in een mooie geschenkverpakking. Door het vacu\u00fcm tussen de wanden blijven dranken langer op temperatuur. Dranken blijven tenminste 12 uur warm of 24 uur koud.<\/p>\n","protected":false},"excerpt":{"rendered":"<p>Dubbelwandig vacu\u00fcm ge\u00efsoleerde thermofles. De 100% lekvrije fles wordt geleverd in een mooie geschenkverpakking. Door het vacu\u00fcm tussen de wanden blijven dranken langer op temperatuur. Dranken blijven tenminste 12 uur warm of 24 uur koud.<\/p>\n","protected":false},"featured_media":15723,"comment_status":"closed","ping_status":"open","template":"","meta":{"_acf_changed":false},"product_brand":[],"product_cat":[104,94],"product_tag":[],"class_list":{"0":"post-11848","1":"product","2":"type-product","3":"status-publish","4":"has-post-thumbnail","6":"product_cat-algemeen","7":"product_cat-promotiemateriaal","8":"pa_artikelkleur-rood","9":"pa_artikelkleur-wit","11":"first","12":"instock","13":"taxable","14":"shipping-taxable","15":"purchasable","16":"product-type-variable"},"acf":[],"tiered_pricing_type":"fixed","tiered_pricing_fixed_rules":{"100":"10.402","250":"9.65","500":"8.92","1000":"8.49"},"tiered_pricing_percentage_rules":[],"tiered_pricing_minimum":1,"_administrator_tiered_pricing_type":"fixed","_administrator_tiered_pricing_fixed_rules":[],"_editor_tiered_pricing_type":"fixed","_editor_tiered_pricing_fixed_rules":[],"_author_tiered_pricing_type":"fixed","_author_tiered_pricing_fixed_rules":[],"_contributor_tiered_pricing_type":"fixed","_contributor_tiered_pricing_fixed_rules":[],"_subscriber_tiered_pricing_type":"fixed","_subscriber_tiered_pricing_fixed_rules":[],"_customer_tiered_pricing_type":"fixed","_customer_tiered_pricing_fixed_rules":[],"_shop_manager_tiered_pricing_type":"fixed","_shop_manager_tiered_pricing_fixed_rules":[],"_wholesale_customer_tiered_pricing_type":"fixed","_wholesale_customer_tiered_pricing_fixed_rules":[],"_links":{"self":[{"href":"http:\/\/www.premium-shop.nl\/autofirst\/wp-json\/wp\/v2\/product\/11848","targetHints":{"allow":["GET"]}}],"collection":[{"href":"http:\/\/www.premium-shop.nl\/autofirst\/wp-json\/wp\/v2\/product"}],"about":[{"href":"http:\/\/www.premium-shop.nl\/autofirst\/wp-json\/wp\/v2\/types\/product"}],"replies":[{"embeddable":true,"href":"http:\/\/www.premium-shop.nl\/autofirst\/wp-json\/wp\/v2\/comments?post=11848"}],"wp:featuredmedia":[{"embeddable":true,"href":"http:\/\/www.premium-shop.nl\/autofirst\/wp-json\/wp\/v2\/media\/15723"}],"wp:attachment":[{"href":"http:\/\/www.premium-shop.nl\/autofirst\/wp-json\/wp\/v2\/media?parent=11848"}],"wp:term":[{"taxonomy":"product_brand","embeddable":true,"href":"http:\/\/www.premium-shop.nl\/autofirst\/wp-json\/wp\/v2\/product_brand?post=11848"},{"taxonomy":"product_cat","embeddable":true,"href":"http:\/\/www.premium-shop.nl\/autofirst\/wp-json\/wp\/v2\/product_cat?post=11848"},{"taxonomy":"product_tag","embeddable":true,"href":"http:\/\/www.premium-shop.nl\/autofirst\/wp-json\/wp\/v2\/product_tag?post=11848"}],"curies":[{"name":"wp","href":"https:\/\/api.w.org\/{rel}","templated":true}]}}